{"id":305,"date":"2020-03-01T15:29:09","date_gmt":"2020-03-01T18:29:09","guid":{"rendered":"http:\/\/tribunadapraia.com.br\/temp\/?page_id=305"},"modified":"2023-03-26T16:14:01","modified_gmt":"2023-03-26T19:14:01","slug":"claudomir","status":"publish","type":"page","link":"https:\/\/tribunadapraia.com.br\/?page_id=305","title":{"rendered":"Claud\u262dmir"},"content":{"rendered":"<!--[if lt IE 9]><script>document.createElement('audio');<\/script><![endif]-->\n<audio class=\"wp-audio-shortcode\" id=\"audio-305-1\" preload=\"none\" style=\"width: 100%;\" controls=\"controls\"><source type=\"audio\/mpeg\" src=\"https:\/\/tribunadapraia.com.br\/wp-content\/uploads\/2022\/02\/inter-instr.mp3?_=1\" \/><a href=\"https:\/\/tribunadapraia.com.br\/wp-content\/uploads\/2022\/02\/inter-instr.mp3\">https:\/\/tribunadapraia.com.br\/wp-content\/uploads\/2022\/02\/inter-instr.mp3<\/a><\/audio>\n<h3 class=\"post-title entry-title\"><span style=\"font-size: 14pt;\">I \u2013 A origem no Canal<\/span><\/h3>\n<p><span style=\"font-size: 14pt;\">Claudomir Tavares da Silva nasceu no dia 28 de julho de 1968, no povoado Canal S\u00e3o Sebasti\u00e3o, em Barra dos Coqueiros. Filho de Francisco Pereira da Silva (Sisinho) e de Edim\u00ea Tavares da Silva (falecida em 21\/09\/2006), camponeses-pescadores, \u00e9 casado com Izabel Tomaz de Aquino e pai de Jo\u00e3o Victor de Aquino Tavares. Reside em Pirambu desde julho de 1980 e em Propri\u00e1 desde 2002. Iniciou seus estudos no ano de 1977 na Escola Municipal Leandro Maciel (atual Maria de Lourdes), no povoado onde nasceu, ficando ali at\u00e9 1979, de onde saiu para estudar a 4\u00aa s\u00e9rie do antigo prim\u00e1rio na Escola Rural do povoado Flecheiras, em Santo Amaro das Brotas em 1980.<\/span><\/p>\n<p><span style=\"font-size: 14pt;\">A partir de 1981 inicia a segunda fase do 1\u00ba Grau em Pirambu, onde em 1984 faz parte da primeira turma a concluir a 8\u00aa s\u00e9rie na Escola de 1\u00ba Grau Jos\u00e9 Amaral Lemos, a mesma para onde retornava em 1988 na condi\u00e7\u00e3o \u00fanico professor de Pirambu aprovado em concurso p\u00fablico realizado em 1987. Foi o 13\u00ba na classifica\u00e7\u00e3o geral em Sergipe.<\/span><\/p>\n<div class=\"separator\"><span style=\"font-size: 14pt;\"><a href=\"https:\/\/2.bp.blogspot.com\/_i3SO_AHKuhM\/SzZOhdjYJrI\/AAAAAAAAAuM\/pvESHzQEbBg\/s1600-h\/02.JPG\"><img class=\"aligncenter\" src=\"https:\/\/2.bp.blogspot.com\/_i3SO_AHKuhM\/SzZOhdjYJrI\/AAAAAAAAAuM\/pvESHzQEbBg\/s320\/02.JPG\" border=\"0\" \/><\/a><\/span><\/div>\n<div><\/div>\n<h3 class=\"post-title entry-title\"><span style=\"font-size: 14pt;\">II \u2013 In\u00edcio da milit\u00e2ncia<\/span><\/h3>\n<p><span style=\"font-size: 14pt;\">Foi ali onde teve in\u00edcio suas atividades pol\u00edticas, ao fincar a pedra fundamental do movimento estudantil e as bases da imprensa alternativa em Pirambu. Nascia, portanto, sob a sua \u00e9gia em 23 de agosto de 1983, o jornal \u201cO Clarim\u201d, o mesmo que se transformaria em \u201cJornal de Pirambu\u201d em 1984, em \u201cO Atl\u00e2ntico\u201d em 1987, em \u201cTribuna da Praia\u201d em 1988, em \u201cAcorda Pirambu\u201d em 1992 e em definitivo resgata a hist\u00f3ria como \u201cTribuna da Praia\u201d em 2003, agora em formato tabl\u00f3ide. Claudomir Tavares prosseguiu seus estudos em 1985, no Col\u00e9gio Cenecista Albano do Prado Pimentel Franco em Japaratuba, sendo integrante da 1\u00aa turma a concluir o 2\u00ba Grau em 1987 no Gin\u00e1sio Municipal Prof. Emiliano Nunes de Moura, tamb\u00e9m naquela cidade.<\/span><\/p>\n<div class=\"separator\"><span style=\"font-size: 14pt;\"><a href=\"https:\/\/3.bp.blogspot.com\/_i3SO_AHKuhM\/SzZO4_-TAEI\/AAAAAAAAAuU\/NZYV8EtbiaA\/s1600-h\/03.jpg\"><img class=\"aligncenter\" src=\"https:\/\/3.bp.blogspot.com\/_i3SO_AHKuhM\/SzZO4_-TAEI\/AAAAAAAAAuU\/NZYV8EtbiaA\/s320\/03.jpg\" border=\"0\" \/><\/a><\/span><\/div>\n<div><\/div>\n<h3 class=\"post-title entry-title\"><span style=\"font-size: 14pt;\">III \u2013 Professor da rede estadual<\/span><\/h3>\n<p><span style=\"font-size: 14pt;\">Em 1987 foi o primeiro professor em Pirambu a ser aprovado em um concurso p\u00fablico, iniciando em novembro as atividades de professor, desenvolvendo ali uma a\u00e7\u00e3o pedag\u00f3gica voltada para transformar o desgaste em que se encontra a escola p\u00fablica, no resgate da cidadania. Suas a\u00e7\u00f5es did\u00e1ticas repercutiram em Sergipe, sendo refer\u00eancia e \u00edcone da educa\u00e7\u00e3o na regi\u00e3o compreendida pela DRE\u2019 4 e na DRE\u20196.<\/span><\/p>\n<p><span style=\"font-size: 14pt;\">No per\u00edodo de 2003 a 2007 desempenhou suas atividades no Col\u00e9gio Estadual \u2018Joana de Freitas Barbosa\u2019 (Polivalente), na cidade de Propri\u00e1, o maior e mais representativo do Baixo S\u00e3o Francisco. Al\u00ed teve in\u00edcio o ciclo de apresenta\u00e7\u00f5es de trabalhos cient\u00edficos dentro e fora do estado, em congressos, semin\u00e1rios e simp\u00f3sios estaduais, nacionais e internacionais.<\/span><\/p>\n<div class=\"separator\"><span style=\"font-size: 14pt;\"><a href=\"https:\/\/4.bp.blogspot.com\/_i3SO_AHKuhM\/SzZPJTvWn-I\/AAAAAAAAAuc\/gc-GFLI2Sbg\/s1600-h\/04.JPG\"><img class=\"aligncenter\" src=\"https:\/\/4.bp.blogspot.com\/_i3SO_AHKuhM\/SzZPJTvWn-I\/AAAAAAAAAuc\/gc-GFLI2Sbg\/s320\/04.JPG\" border=\"0\" \/><\/a><\/span><\/div>\n<div><\/div>\n<h3 class=\"post-title entry-title\"><span style=\"font-size: 14pt;\">IV \u2013 Fazendo Hist\u00f3ria<\/span><\/h3>\n<p><span style=\"font-size: 14pt;\">Seu ingresso no ensino superior se deu em 1992, quando foi aprovado para o Curso de Hist\u00f3ria \u2013 Licenciatura Plena na Universidade Federal de Sergipe (UFS). Tendo interrompido os estudos por muitos per\u00edodos, alegando quest\u00f5es financeiras, Claudomir foi submetido a um novo vestibular, sendo aprovado desta vez em primeiro lugar no ano de 1998, para o mesmo curso de Hist\u00f3ria, concluindo finalmente o curso em dezembro de 2002. Sua monografia de conclus\u00e3o de curso, sob orienta\u00e7\u00e3o do professor Dr. Jorge Carvalho do Nascimento, teve como objeto \u00e0quele que foi sua constru\u00e7\u00e3o em 20 anos, o Partido dos Trabalhadores (PT).<\/span><\/p>\n<div class=\"separator\"><span style=\"font-size: 14pt;\"><a href=\"https:\/\/2.bp.blogspot.com\/_i3SO_AHKuhM\/SzZPZPPJx4I\/AAAAAAAAAuk\/JBtnCnVv0x0\/s1600-h\/05.jpg\"><img class=\"aligncenter\" src=\"https:\/\/2.bp.blogspot.com\/_i3SO_AHKuhM\/SzZPZPPJx4I\/AAAAAAAAAuk\/JBtnCnVv0x0\/s320\/05.jpg\" border=\"0\" \/><\/a><\/span><\/div>\n<div><\/div>\n<h3 class=\"post-title entry-title\"><span style=\"font-size: 14pt;\">V \u2013 Nasce o PT<\/span><\/h3>\n<p><span style=\"font-size: 14pt;\">Claudomir Tavares foi fundador do PT em 14 de dezembro de 1985, sendo por seis vezes seu presidente. Durante este per\u00edodo foi por diversas vezes membro do Diret\u00f3rio Estadual e de 2000 a 2001, integrou a Executiva Estadual, na condi\u00e7\u00e3o de Secret\u00e1rio de Comunica\u00e7\u00e3o (na documenta\u00e7\u00e3o oficial, 2\u00ba Vice-Presidente Estadual).<\/span><\/p>\n<p><span style=\"font-size: 14pt;\">No PT, \u00e9poca em que fazer oposi\u00e7\u00e3o poderia custar caro, amargou as mais cru\u00e9is persegui\u00e7\u00f5es pol\u00edticas, patrocinadas pelos ex-prefeitos Marcos Cruz, C\u00e9sar Rocha e S\u00edlvia Cruz, contra os quais ele n\u00e3o guarda qualquer ressentimento, mas que descarta qualquer conviv\u00eancia pol\u00edtica, o que foi feito em 2004 pelos que lhes sucederam no partido, n\u00e3o repetindo a experi\u00eancia em 2008. Sua atua\u00e7\u00e3o pol\u00edtica inclui passagem pelo Partido Comunista do Brasil (PC do B) no per\u00edodo de 1988 a 1992, quando foi o principal colaborador do mandato da ex-vereadora Iv\u00e2nia Pereira da Silva (Vanda), primeira mulher a ocupar um cargo p\u00fablico em Pirambu. Desta, recebeu como retribui\u00e7\u00e3o a ingratid\u00e3o. Em 2000 foi candidato a vereador pelo PT, n\u00e3o logrando \u00eaxito, resultado que lhe deu a segunda supl\u00eancia de vereador para o per\u00edodo 2001-2004.<\/span><\/p>\n<div class=\"separator\"><span style=\"font-size: 14pt;\"><a href=\"https:\/\/1.bp.blogspot.com\/_i3SO_AHKuhM\/SzZPmwCZJ0I\/AAAAAAAAAus\/A0EE0YKfIm8\/s1600-h\/06.jpg\"><img class=\"aligncenter\" src=\"https:\/\/1.bp.blogspot.com\/_i3SO_AHKuhM\/SzZPmwCZJ0I\/AAAAAAAAAus\/A0EE0YKfIm8\/s320\/06.jpg\" border=\"0\" \/><\/a><\/span><\/div>\n<div><\/div>\n<h3 class=\"post-title entry-title\"><span style=\"font-size: 14pt;\">VI \u2013 Movimentos Sociais<\/span><\/h3>\n<p><span style=\"font-size: 14pt;\">No movimento estudantil e juvenil, Claudomir foi integrante das coordena\u00e7\u00f5es municipal e estadual da Uni\u00e3o da Juventude Socialista UJS), militante do Diret\u00f3rio Acad\u00eamico Livre de Hist\u00f3ria (DALH), do Diret\u00f3rio Central dos Estudantes (DCE), e representante dos estudantes do P\u00f3lo da UFS em Propri\u00e1 (1998 \u2013 2002). Da mesma forma em que esteve envolvido com as atividades estudantis e juvenis, Claudomir Tavares teve uma intensa participa\u00e7\u00e3o no movimento sindical de Sergipe, sendo inclusive membro da Coordena\u00e7\u00e3o Estadual de Assuntos Sindicais da UJS e membro da diretoria do Sindicato dos Trabalhadores em Educa\u00e7\u00e3o de Sergipe (SINTESE), em gest\u00f5es presididas pelos professores Hamilton Santana (1989\/1991) e Ana L\u00facia Menezes (1993\/1995). Aqui em Pirambu, foi um dos articuladores da instala\u00e7\u00e3o da Base Estadual do SINTESE (1988\/1989 e 2008) e da Base Municipal do SINTESE (2007\/2008).<\/span><\/p>\n<div class=\"separator\"><span style=\"font-size: 14pt;\"><a href=\"https:\/\/4.bp.blogspot.com\/_i3SO_AHKuhM\/SzZPyw78p2I\/AAAAAAAAAu0\/bI5pxdpwOBA\/s1600-h\/07.jpg\"><img class=\"aligncenter\" src=\"https:\/\/4.bp.blogspot.com\/_i3SO_AHKuhM\/SzZPyw78p2I\/AAAAAAAAAu0\/bI5pxdpwOBA\/s320\/07.jpg\" border=\"0\" \/><\/a><\/span><\/div>\n<div><\/div>\n<h3 class=\"post-title entry-title\"><span style=\"font-size: 14pt;\">VII \u2013 Publica\u00e7\u00f5es<\/span><\/h3>\n<p><span style=\"font-size: 14pt;\">Claudomir tem v\u00e1rios trabalhos publicados, ligados \u00e0 hist\u00f3ria, geografia, cultura, poesia, pol\u00edtica e meio ambiente. \u00c9 autor de \u201cHist\u00f3ria de Pirambu\u201d, \u201cGeografia de Pirambu\u201d, \u201cR\u00e1pido Hist\u00f3rico da Pesca em Pirambu\u201d, \u201cRepert\u00f3rio Folcl\u00f3rico de Pirambu\u201d e dezenas de artigos, ensaios, documentos ligados ao folclore, a cultura popular, etc.<\/span><\/p>\n<div class=\"separator\"><span style=\"font-size: 14pt;\"><a href=\"https:\/\/1.bp.blogspot.com\/_i3SO_AHKuhM\/SzZQBya9qdI\/AAAAAAAAAu8\/78SJRIgFlPk\/s1600-h\/08.jpg\"><img class=\"aligncenter\" src=\"https:\/\/1.bp.blogspot.com\/_i3SO_AHKuhM\/SzZQBya9qdI\/AAAAAAAAAu8\/78SJRIgFlPk\/s320\/08.jpg\" border=\"0\" \/><\/a><\/span><\/div>\n<div><\/div>\n<h3 class=\"post-title entry-title\"><span style=\"font-size: 14pt;\">VIII \u2013 Professor da rede municipal<\/span><\/h3>\n<p><span style=\"font-size: 14pt;\">Professor da rede municipal desde 04 de maio de 1988, ap\u00f3s aprova\u00e7\u00e3o em Concurso P\u00fablico (o \u00fanico em Pirambu a constar entre os 10 primeiros classificados), iniciou suas atividades na Escola Municipal Silvino de Ara\u00fajo em Aguilhadas (desativada em 2001), sendo transferido em 2000 para a Escola Municipal M\u00e1rio Trindade Cruz.<\/span><\/p>\n<div class=\"separator\"><span style=\"font-size: 14pt;\"><a href=\"https:\/\/4.bp.blogspot.com\/_i3SO_AHKuhM\/SzZQN1_cJII\/AAAAAAAAAvE\/cSBCyV1Be54\/s1600-h\/09.jpg\"><img class=\"aligncenter\" src=\"https:\/\/4.bp.blogspot.com\/_i3SO_AHKuhM\/SzZQN1_cJII\/AAAAAAAAAvE\/cSBCyV1Be54\/s320\/09.jpg\" border=\"0\" \/><\/a><\/span><\/div>\n<div><\/div>\n<h3 class=\"post-title entry-title\"><span style=\"font-size: 14pt;\">IX \u2013 Diretor de Cultura<\/span><\/h3>\n<p><span style=\"font-size: 14pt;\">Convidado pelo prefeito Andr\u00e9 Moura e ap\u00f3s ser submetido \u00e0 aprova\u00e7\u00e3o de 97 % dos colegas, aceitou em janeiro de 2001 assumir a Dire\u00e7\u00e3o Geral desta institui\u00e7\u00e3o e respons\u00e1vel pela pol\u00edtica pedag\u00f3gica do Departamento de Educa\u00e7\u00e3o (que na \u00e9poca s\u00f3 existia no papel), al\u00e7ando v\u00f4os mais altos em 19 de abril de 2002 ao ser empossado Diretor do Departamento de Cultura do Munic\u00edpio de Pirambu, novamente, ap\u00f3s ser laureado pelo seguimento cultural local, onde desempenhou um trabalho tit\u00e2nico para manter vivas as mais aut\u00eanticas manifesta\u00e7\u00f5es culturais de Pirambu, elevando o nome do munic\u00edpio a local de destaque no cen\u00e1rio estadual.<\/span><\/p>\n<div class=\"separator\"><span style=\"font-size: 14pt;\"><a href=\"https:\/\/2.bp.blogspot.com\/_i3SO_AHKuhM\/SzZQh42aepI\/AAAAAAAAAvM\/E8YVjFU6Kq0\/s1600-h\/10.jpg\"><img class=\"aligncenter\" src=\"https:\/\/2.bp.blogspot.com\/_i3SO_AHKuhM\/SzZQh42aepI\/AAAAAAAAAvM\/E8YVjFU6Kq0\/s320\/10.jpg\" border=\"0\" \/><\/a><\/span><\/div>\n<div><\/div>\n<h3 class=\"post-title entry-title\"><span style=\"font-size: 14pt;\">X \u2013 Cidad\u00e3o Pirambuense<\/span><\/h3>\n<p><span style=\"font-size: 14pt;\">Em reconhecimento a sua trajet\u00f3ria, a C\u00e2mara Municipal de Pirambu, atrav\u00e9s de uma propositura do vereador Guilherme Julles Zacarias de Melo, aprovou em 17 de abril de 2004 Projeto que concede T\u00edtulo de Cidadania Honor\u00e1ria de Pirambu, uma honraria em que mais que um orgulho, multiplica a responsabilidade para com este munic\u00edpio.<\/span><\/p>\n<div class=\"separator\"><span style=\"font-size: 14pt;\"><a href=\"https:\/\/2.bp.blogspot.com\/_i3SO_AHKuhM\/SzZQvlQnaGI\/AAAAAAAAAvU\/HxKdTIxdeII\/s1600-h\/11.jpg\"><img class=\"aligncenter\" src=\"https:\/\/2.bp.blogspot.com\/_i3SO_AHKuhM\/SzZQvlQnaGI\/AAAAAAAAAvU\/HxKdTIxdeII\/s320\/11.jpg\" border=\"0\" \/><\/a><\/span><\/div>\n<div><\/div>\n<h3 class=\"post-title entry-title\"><span style=\"font-size: 14pt;\">XI \u2013 De volta a sala de aula<\/span><\/h3>\n<p><span style=\"font-size: 14pt;\">Encerrou sua participa\u00e7\u00e3o na administra\u00e7\u00e3o municipal em 31 de dezembro de 2004, realizando antes desse ato \u00e0 1\u00aa Confer\u00eancia Municipal de Cultura, fazendo um balan\u00e7o da a\u00e7\u00e3o cultural ao longo dos 30 meses em que coordenou as atividades culturais do munic\u00edpio, apontando as bases para a constru\u00e7\u00e3o da uma pol\u00edtica cultura para o munic\u00edpio de Pirambu. Convidado a participar da administra\u00e7\u00e3o, preferiu retornar as atividades de professor na Escola Municipal M\u00e1rio Trindade Cruz em mar\u00e7o de 2005. Atualmente Claudomir Tavares divide suas atividades entre as suas aulas de Hist\u00f3ria, Filosofia, Sociedade e Cultura Sergipana na rede estadual (Col\u00e9gio Estadual Jos\u00e9 Amaral Lemos) e municipal (Escola Municipal M\u00e1rio Trindade Cruz) em Pirambu.<\/span><\/p>\n<div class=\"separator\"><span style=\"font-size: 14pt;\"><a href=\"https:\/\/3.bp.blogspot.com\/_i3SO_AHKuhM\/SzZQ7YNJAlI\/AAAAAAAAAvc\/RdDjFfi9ST0\/s1600-h\/12.jpg\"><img class=\"aligncenter\" src=\"https:\/\/3.bp.blogspot.com\/_i3SO_AHKuhM\/SzZQ7YNJAlI\/AAAAAAAAAvc\/RdDjFfi9ST0\/s320\/12.jpg\" border=\"0\" \/><\/a><\/span><\/div>\n<div><\/div>\n<h3 class=\"post-title entry-title\"><span style=\"font-size: 14pt;\">XII \u2013 A op\u00e7\u00e3o pelo Verde<\/span><\/h3>\n<p><span style=\"font-size: 14pt;\">Militante do Partido Verde, do qual \u00e9 Secret\u00e1rio Estadual de Forma\u00e7\u00e3o Pol\u00edtica e Presidente da Comiss\u00e3o Executiva Municipal, mant\u00e9m-se fiel aos princ\u00edpios que nortearam sua trajet\u00f3ria pol\u00edtica, renunciando qualquer tentativa de \u201ccapitula\u00e7\u00e3o\u201d diante dos algozes da sua luta, tendo disputado as elei\u00e7\u00f5es municipais em 2008 para vice-prefeito, obtendo 2613 votos, uma diferen\u00e7a de 121 votos do candidato vencedor.<\/span><\/p>\n<div class=\"separator\"><span style=\"font-size: 14pt;\"><a href=\"https:\/\/1.bp.blogspot.com\/_i3SO_AHKuhM\/SzZRQYuPvCI\/AAAAAAAAAvk\/sKKOR0Wu_Ds\/s1600-h\/13.jpg\"><img class=\"aligncenter\" src=\"https:\/\/1.bp.blogspot.com\/_i3SO_AHKuhM\/SzZRQYuPvCI\/AAAAAAAAAvk\/sKKOR0Wu_Ds\/s320\/13.jpg\" border=\"0\" \/><\/a><\/span><\/div>\n<h3 class=\"post-title entry-title\"><span style=\"font-size: 14pt;\">XIII \u2013 O Rio Japaratuba<\/span><\/h3>\n<p><span style=\"font-size: 14pt;\">Claudomir Tavares permanece estritamente ligada a atividade cultural e as quest\u00f5es ambientais n\u00e3o s\u00f3 em Pirambu, bem como na regi\u00e3o do Vale do Japaratuba ao Baixo S\u00e3o Francisco, inclusive sendo s\u00f3cio desde 15 de janeiro de 2004 da maior organiza\u00e7\u00e3o internacional de defesa do meio ambiente, o Greenpeace\u201d.<\/span><\/p>\n<p><span style=\"font-size: 14pt;\">Fundador da Sociedade de Cultura Art\u00edstica de Pirambu (SCAP), criada a partir de sua iniciativa em 1998 e transformada em 2007 na Sociedade S\u00f3cio-Ambiental do Vale do Japaratuba (SOS Rio Japaratuba) a partir da fus\u00e3o com a Sociedade Ambientalista do Vale do Japaratuba (SALVAJ), foi eleito em 25 de abril de 2006 para o Comit\u00ea da Bacia Hidrogr\u00e1fica do Rio Japaratuba, tomando posse em 13 de junho de 2007 como Secret\u00e1rio Geral deste colegiado, assumindo sua presid\u00eancia em 15 de abril de 2008, representando o seguimento pesca, onde tem ampliado sua luta iniciada em 1990 e intensificada a partir de 2005 com a cria\u00e7\u00e3o do Comit\u00ea Popular do Rio Japaratuba, transi\u00e7\u00e3o entre a SCAP e a SOS Rio Japaratuba.<\/span><\/p>\n<p><span style=\"font-size: 14pt;\">Aqui voc\u00eas conheceram um pouco da Vida e da Obra do professor Claudomir Tavares da Silva, uma trajet\u00f3ria que se confunde com as lutas sociais mais recentes da Hist\u00f3ria de Pirambu.<\/span><\/p>\n","protected":false},"excerpt":{"rendered":"<p>I \u2013 A origem no Canal Claudomir Tavares da Silva nasceu no dia 28 de julho de 1968, no povoado Canal S\u00e3o Sebasti\u00e3o, em Barra dos Coqueiros. Filho de Francisco Pereira da Silva (Sisinho) e de Edim\u00ea Tavares da Silva (falecida em 21\/09\/2006), camponeses-pescadores, \u00e9 casado com Izabel Tomaz de Aquino e pai de Jo\u00e3o Victor de Aquino Tavares. Reside em Pirambu desde julho de 1980 e em Propri\u00e1 desde<\/p>\n","protected":false},"author":3,"featured_media":0,"parent":0,"menu_order":0,"comment_status":"closed","ping_status":"closed","template":"","meta":[],"yoast_head":"<!-- This site is optimized with the Yoast SEO plugin v16.3 - https:\/\/yoast.com\/wordpress\/plugins\/seo\/ -->\n<title>Claud\u262dmir - TRIBUNA DA PRAIA<\/title>\n<meta name=\"robots\" content=\"index, follow, max-snippet:-1, max-image-preview:large, max-video-preview:-1\" \/>\n<link rel=\"canonical\" href=\"https:\/\/tribunadapraia.com.br\/?page_id=305\" \/>\n<meta property=\"og:locale\" content=\"pt_BR\" \/>\n<meta property=\"og:type\" content=\"article\" \/>\n<meta property=\"og:title\" content=\"Claud\u262dmir - TRIBUNA DA PRAIA\" \/>\n<meta property=\"og:description\" content=\"I \u2013 A origem no Canal Claudomir Tavares da Silva nasceu no dia 28 de julho de 1968, no povoado Canal S\u00e3o Sebasti\u00e3o, em Barra dos Coqueiros. Filho de Francisco Pereira da Silva (Sisinho) e de Edim\u00ea Tavares da Silva (falecida em 21\/09\/2006), camponeses-pescadores, \u00e9 casado com Izabel Tomaz de Aquino e pai de Jo\u00e3o Victor de Aquino Tavares. Reside em Pirambu desde julho de 1980 e em Propri\u00e1 desde\" \/>\n<meta property=\"og:url\" content=\"https:\/\/tribunadapraia.com.br\/?page_id=305\" \/>\n<meta property=\"og:site_name\" content=\"TRIBUNA DA PRAIA\" \/>\n<meta property=\"article:publisher\" content=\"https:\/\/www.facebook.com\/tribunadapraiaonline\/\" \/>\n<meta property=\"article:modified_time\" content=\"2023-03-26T19:14:01+00:00\" \/>\n<meta property=\"og:image\" content=\"https:\/\/2.bp.blogspot.com\/_i3SO_AHKuhM\/SzZOhdjYJrI\/AAAAAAAAAuM\/pvESHzQEbBg\/s320\/02.JPG\" \/>\n<meta name=\"twitter:card\" content=\"summary_large_image\" \/>\n<meta name=\"twitter:site\" content=\"@Claudomir21\" \/>\n<meta name=\"twitter:label1\" content=\"Est. tempo de leitura\">\n\t<meta name=\"twitter:data1\" content=\"9 minutos\">\n<script type=\"application\/ld+json\" class=\"yoast-schema-graph\">{\"@context\":\"https:\/\/schema.org\",\"@graph\":[{\"@type\":\"Organization\",\"@id\":\"https:\/\/tribunadapraia.com.br\/#organization\",\"name\":\"Tribuna da Praia\",\"url\":\"https:\/\/tribunadapraia.com.br\/\",\"sameAs\":[\"https:\/\/www.facebook.com\/tribunadapraiaonline\/\",\"https:\/\/www.instagram.com\/claudomirtavares\/\",\"https:\/\/www.youtube.com\/channel\/UCwQf80nxiMzCefAyjbp53Rw\",\"https:\/\/twitter.com\/Claudomir21\"],\"logo\":{\"@type\":\"ImageObject\",\"@id\":\"https:\/\/tribunadapraia.com.br\/#logo\",\"inLanguage\":\"pt-BR\",\"url\":\"https:\/\/tribunadapraia.com.br\/wp-content\/uploads\/2020\/02\/logo.png\",\"contentUrl\":\"https:\/\/tribunadapraia.com.br\/wp-content\/uploads\/2020\/02\/logo.png\",\"width\":501,\"height\":121,\"caption\":\"Tribuna da Praia\"},\"image\":{\"@id\":\"https:\/\/tribunadapraia.com.br\/#logo\"}},{\"@type\":\"WebSite\",\"@id\":\"https:\/\/tribunadapraia.com.br\/#website\",\"url\":\"https:\/\/tribunadapraia.com.br\/\",\"name\":\"TRIBUNA DA PRAIA\",\"description\":\"O 1\\u00ba jornal do interior de Sergipe na internet\",\"publisher\":{\"@id\":\"https:\/\/tribunadapraia.com.br\/#organization\"},\"potentialAction\":[{\"@type\":\"SearchAction\",\"target\":\"https:\/\/tribunadapraia.com.br\/?s={search_term_string}\",\"query-input\":\"required name=search_term_string\"}],\"inLanguage\":\"pt-BR\"},{\"@type\":\"ImageObject\",\"@id\":\"https:\/\/tribunadapraia.com.br\/?page_id=305#primaryimage\",\"inLanguage\":\"pt-BR\",\"url\":\"https:\/\/2.bp.blogspot.com\/_i3SO_AHKuhM\/SzZOhdjYJrI\/AAAAAAAAAuM\/pvESHzQEbBg\/s320\/02.JPG\",\"contentUrl\":\"https:\/\/2.bp.blogspot.com\/_i3SO_AHKuhM\/SzZOhdjYJrI\/AAAAAAAAAuM\/pvESHzQEbBg\/s320\/02.JPG\"},{\"@type\":\"WebPage\",\"@id\":\"https:\/\/tribunadapraia.com.br\/?page_id=305#webpage\",\"url\":\"https:\/\/tribunadapraia.com.br\/?page_id=305\",\"name\":\"Claud\\u262dmir - TRIBUNA DA PRAIA\",\"isPartOf\":{\"@id\":\"https:\/\/tribunadapraia.com.br\/#website\"},\"primaryImageOfPage\":{\"@id\":\"https:\/\/tribunadapraia.com.br\/?page_id=305#primaryimage\"},\"datePublished\":\"2020-03-01T18:29:09+00:00\",\"dateModified\":\"2023-03-26T19:14:01+00:00\",\"breadcrumb\":{\"@id\":\"https:\/\/tribunadapraia.com.br\/?page_id=305#breadcrumb\"},\"inLanguage\":\"pt-BR\",\"potentialAction\":[{\"@type\":\"ReadAction\",\"target\":[\"https:\/\/tribunadapraia.com.br\/?page_id=305\"]}]},{\"@type\":\"BreadcrumbList\",\"@id\":\"https:\/\/tribunadapraia.com.br\/?page_id=305#breadcrumb\",\"itemListElement\":[{\"@type\":\"ListItem\",\"position\":1,\"item\":{\"@type\":\"WebPage\",\"@id\":\"https:\/\/tribunadapraia.com.br\/\",\"url\":\"https:\/\/tribunadapraia.com.br\/\",\"name\":\"In\\u00edcio\"}},{\"@type\":\"ListItem\",\"position\":2,\"item\":{\"@id\":\"https:\/\/tribunadapraia.com.br\/?page_id=305#webpage\"}}]}]}<\/script>\n<!-- \/ Yoast SEO plugin. -->","wps_subtitle":"","_links":{"self":[{"href":"https:\/\/tribunadapraia.com.br\/index.php?rest_route=\/wp\/v2\/pages\/305"}],"collection":[{"href":"https:\/\/tribunadapraia.com.br\/index.php?rest_route=\/wp\/v2\/pages"}],"about":[{"href":"https:\/\/tribunadapraia.com.br\/index.php?rest_route=\/wp\/v2\/types\/page"}],"author":[{"embeddable":true,"href":"https:\/\/tribunadapraia.com.br\/index.php?rest_route=\/wp\/v2\/users\/3"}],"replies":[{"embeddable":true,"href":"https:\/\/tribunadapraia.com.br\/index.php?rest_route=%2Fwp%2Fv2%2Fcomments&post=305"}],"version-history":[{"count":8,"href":"https:\/\/tribunadapraia.com.br\/index.php?rest_route=\/wp\/v2\/pages\/305\/revisions"}],"predecessor-version":[{"id":6354,"href":"https:\/\/tribunadapraia.com.br\/index.php?rest_route=\/wp\/v2\/pages\/305\/revisions\/6354"}],"wp:attachment":[{"href":"https:\/\/tribunadapraia.com.br\/index.php?rest_route=%2Fwp%2Fv2%2Fmedia&parent=305"}],"curies":[{"name":"wp","href":"https:\/\/api.w.org\/{rel}","templated":true}]}}